{"id":40235,"date":"2025-01-16T15:07:22","date_gmt":"2025-01-16T21:07:22","guid":{"rendered":"https:\/\/dev.nazarene.org\/livres-de-source-ministeriels\/"},"modified":"2025-06-10T03:56:06","modified_gmt":"2025-06-10T08:56:06","slug":"livres-de-source-ministeriels","status":"publish","type":"page","link":"https:\/\/dev.nazarene.org\/fr\/developpement-mondial-du-clerge\/livres-de-source-ministeriels\/","title":{"rendered":"Livres de source minist\u00e9riels"},"content":{"rendered":"\t\t<div data-elementor-type=\"wp-page\" data-elementor-id=\"40235\" class=\"elementor elementor-40235 elementor-6463\" data-elementor-post-type=\"page\">\n\t\t\t\t<div class=\"elementor-element elementor-element-3afea2b e-flex e-con-boxed e-con e-parent\" data-id=\"3afea2b\" data-element_type=\"container\" data-e-type=\"container\" data-settings=\"{&quot;background_background&quot;:&quot;gradient&quot;,&quot;jet_parallax_layout_list&quot;:[]}\">\n\t\t\t\t\t<div class=\"e-con-inner\">\n\t\t\t\t<div class=\"elementor-element elementor-element-d4ac1ba elementor-widget elementor-widget-heading\" data-id=\"d4ac1ba\" data-element_type=\"widget\" data-e-type=\"widget\" data-widget_type=\"heading.default\">\n\t\t\t\t<div class=\"elementor-widget-container\">\n\t\t\t\t\t<h1 class=\"elementor-heading-title elementor-size-default\">Livres de source minist\u00e9riels<\/h1>\t\t\t\t<\/div>\n\t\t\t\t<\/div>\n\t\t\t\t\t<\/div>\n\t\t\t\t<\/div>\n\t\t<div class=\"elementor-element elementor-element-50a963f e-flex e-con-boxed e-con e-parent\" data-id=\"50a963f\" data-element_type=\"container\" data-e-type=\"container\" data-settings=\"{&quot;jet_parallax_layout_list&quot;:[]}\">\n\t\t\t\t\t<div class=\"e-con-inner\">\n\t\t<div class=\"elementor-element elementor-element-f707a6d e-con-full e-flex e-con e-child\" data-id=\"f707a6d\" data-element_type=\"container\" data-e-type=\"container\" data-settings=\"{&quot;jet_parallax_layout_list&quot;:[]}\">\n\t\t\t\t<div class=\"elementor-element elementor-element-58f955f elementor-widget elementor-widget-heading\" data-id=\"58f955f\" data-element_type=\"widget\" data-e-type=\"widget\" data-widget_type=\"heading.default\">\n\t\t\t\t<div class=\"elementor-widget-container\">\n\t\t\t\t\t<h1 class=\"elementor-heading-title elementor-size-default\">Livres de source minist\u00e9riels<\/h1>\t\t\t\t<\/div>\n\t\t\t\t<\/div>\n\t\t\t\t<div class=\"elementor-element elementor-element-14d5629 elementor-widget elementor-widget-text-editor\" data-id=\"14d5629\" data-element_type=\"widget\" data-e-type=\"widget\" data-widget_type=\"text-editor.default\">\n\t\t\t\t<div class=\"elementor-widget-container\">\n\t\t\t\t\t\t\t\t\t<p><a href=\"\/wp-content\/uploads\/2025\/01\/internationalsb.pdf\" target=\"_blank\" rel=\"noopener\">International<\/a><br><a href=\"\/wp-content\/uploads\/2025\/01\/Sourcebook-Africa-Region-2019-2020.pdf\" target=\"_blank\" rel=\"noopener\">Afrique<\/a><br><a href=\"\/wp-content\/uploads\/2025\/01\/AsiaPacific_Sourcebook_2015.pdf\" target=\"_blank\" rel=\"noopener\">Asie-Pacifique<\/a><br><a href=\"\/wp-content\/uploads\/2025\/01\/Eurasia_Sourcebook_2015.pdf\" target=\"_blank\" rel=\"noopener\">Eurasie<\/a><br><a href=\"\/wp-content\/uploads\/2025\/01\/macsb.pdf\" target=\"_blank\" rel=\"noopener\">M\u00e9so-Am\u00e9rique<\/a><br><a href=\"\/wp-content\/uploads\/2025\/01\/macsb.pdf\" target=\"_blank\" rel=\"noopener\">Am\u00e9rique du Sud<\/a><br>\u00c9tats-Unis\/Canada &#8211; <a href=\"\/wp-content\/uploads\/2025\/01\/USACanada_Sourcebook_Revised2015_Final1.pdf\" target=\"_blank\" rel=\"noopener\">Anglais<\/a>, <a href=\"\/wp-content\/uploads\/2025\/01\/USA-Canada_Sourcebook_Revised2015_French.pdf\" target=\"_blank\" rel=\"noopener\">fran\u00e7ais<\/a>, <a href=\"\/wp-content\/uploads\/2025\/01\/USA-Canada_Sourcebook_Revised2015_Spanish.pdf\" target=\"_blank\" rel=\"noopener\">espagnol<\/a><\/p><p><em>Ce Sourcebook (r\u00e9vis\u00e9 en 2015) remplace les versions pr\u00e9c\u00e9dentes du Sourcebook du Canada et du Sourcebook am\u00e9ricain.<\/em><\/p>\t\t\t\t\t\t\t\t<\/div>\n\t\t\t\t<\/div>\n\t\t\t\t<div class=\"elementor-element elementor-element-d661b36 elementor-widget elementor-widget-heading\" data-id=\"d661b36\" data-element_type=\"widget\" data-e-type=\"widget\" data-widget_type=\"heading.default\">\n\t\t\t\t<div class=\"elementor-widget-container\">\n\t\t\t\t\t<h1 class=\"elementor-heading-title elementor-size-default\">Manuels r\u00e9gionaux pour les candidats minist\u00e9riels<\/h1>\t\t\t\t<\/div>\n\t\t\t\t<\/div>\n\t\t\t\t<div class=\"elementor-element elementor-element-4806a32 elementor-widget elementor-widget-text-editor\" data-id=\"4806a32\" data-element_type=\"widget\" data-e-type=\"widget\" data-widget_type=\"text-editor.default\">\n\t\t\t\t<div class=\"elementor-widget-container\">\n\t\t\t\t\t\t\t\t\t<p>\u00c9tats-Unis\/Canada \u2014<br><a href=\"\/wp-content\/uploads\/2025\/01\/GuideToMinisterialPrepAndOrdination_0.pdf\" target=\"_blank\" rel=\"noopener\">Guide de la pr\u00e9paration minist\u00e9rielle et de l&rsquo;ordination<\/a><br><a href=\"\/wp-content\/uploads\/2025\/01\/CalltoMinistry_0.pdf\" target=\"_blank\" rel=\"noopener\">Enregistrement de l&rsquo;appel au minist\u00e8re<\/a><\/p>\t\t\t\t\t\t\t\t<\/div>\n\t\t\t\t<\/div>\n\t\t\t\t<\/div>\n\t\t\t\t\t<\/div>\n\t\t\t\t<\/div>\n\t\t<div class=\"elementor-element elementor-element-ec502b3 e-flex e-con-boxed e-con e-parent\" data-id=\"ec502b3\" data-element_type=\"container\" data-e-type=\"container\" data-settings=\"{&quot;background_background&quot;:&quot;classic&quot;,&quot;jet_parallax_layout_list&quot;:[]}\">\n\t\t\t\t\t<div class=\"e-con-inner\">\n\t\t<div class=\"elementor-element elementor-element-4df6553 e-con-full e-flex e-con e-child\" data-id=\"4df6553\" data-element_type=\"container\" data-e-type=\"container\" data-settings=\"{&quot;jet_parallax_layout_list&quot;:[]}\">\n\t\t\t\t<div class=\"elementor-element elementor-element-e346b28 elementor-widget elementor-widget-heading\" data-id=\"e346b28\" data-element_type=\"widget\" data-e-type=\"widget\" data-widget_type=\"heading.default\">\n\t\t\t\t<div class=\"elementor-widget-container\">\n\t\t\t\t\t<h1 class=\"elementor-heading-title elementor-size-default\">Comment contacter Clergy Development<\/h1>\t\t\t\t<\/div>\n\t\t\t\t<\/div>\n\t\t\t\t<div class=\"elementor-element elementor-element-bfa9ec2 elementor-widget elementor-widget-heading\" data-id=\"bfa9ec2\" data-element_type=\"widget\" data-e-type=\"widget\" data-widget_type=\"heading.default\">\n\t\t\t\t<div class=\"elementor-widget-container\">\n\t\t\t\t\t<h2 class=\"elementor-heading-title elementor-size-default\">Inscrivez-vous pour recevoir des nouvelles hebdomadaires de l'\u00c9glise du Nazar\u00e9en.<\/h2>\t\t\t\t<\/div>\n\t\t\t\t<\/div>\n\t\t\t\t<\/div>\n\t\t<div class=\"elementor-element elementor-element-4ea9b22 e-con-full e-flex e-con e-child\" data-id=\"4ea9b22\" data-element_type=\"container\" data-e-type=\"container\" data-settings=\"{&quot;jet_parallax_layout_list&quot;:[]}\">\n\t\t\t\t<div class=\"elementor-element elementor-element-c4931a6 elementor-align-center elementor-widget elementor-widget-button\" data-id=\"c4931a6\" data-element_type=\"widget\" data-e-type=\"widget\" data-widget_type=\"button.default\">\n\t\t\t\t<div class=\"elementor-widget-container\">\n\t\t\t\t\t\t\t\t\t<div class=\"elementor-button-wrapper\">\n\t\t\t\t\t<a class=\"elementor-button elementor-button-link elementor-size-sm\" href=\"\">\n\t\t\t\t\t\t<span class=\"elementor-button-content-wrapper\">\n\t\t\t\t\t\t<span class=\"elementor-button-icon\">\n\t\t\t\t<svg aria-hidden=\"true\" class=\"e-font-icon-svg e-fas-arrow-right\" viewBox=\"0 0 448 512\" xmlns=\"http:\/\/www.w3.org\/2000\/svg\"><path d=\"M190.5 66.9l22.2-22.2c9.4-9.4 24.6-9.4 33.9 0L441 239c9.4 9.4 9.4 24.6 0 33.9L246.6 467.3c-9.4 9.4-24.6 9.4-33.9 0l-22.2-22.2c-9.5-9.5-9.3-25 .4-34.3L311.4 296H24c-13.3 0-24-10.7-24-24v-32c0-13.3 10.7-24 24-24h287.4L190.9 101.2c-9.8-9.3-10-24.8-.4-34.3z\"><\/path><\/svg>\t\t\t<\/span>\n\t\t\t\t\t\t\t\t\t<span class=\"elementor-button-text\">COURRIEL<\/span>\n\t\t\t\t\t<\/span>\n\t\t\t\t\t<\/a>\n\t\t\t\t<\/div>\n\t\t\t\t\t\t\t\t<\/div>\n\t\t\t\t<\/div>\n\t\t\t\t<div class=\"elementor-element elementor-element-d0162a7 elementor-align-center elementor-widget elementor-widget-button\" data-id=\"d0162a7\" data-element_type=\"widget\" data-e-type=\"widget\" data-widget_type=\"button.default\">\n\t\t\t\t<div class=\"elementor-widget-container\">\n\t\t\t\t\t\t\t\t\t<div class=\"elementor-button-wrapper\">\n\t\t\t\t\t<a class=\"elementor-button elementor-button-link elementor-size-sm\" href=\"\">\n\t\t\t\t\t\t<span class=\"elementor-button-content-wrapper\">\n\t\t\t\t\t\t<span class=\"elementor-button-icon\">\n\t\t\t\t<svg aria-hidden=\"true\" class=\"e-font-icon-svg e-fas-arrow-right\" viewBox=\"0 0 448 512\" xmlns=\"http:\/\/www.w3.org\/2000\/svg\"><path d=\"M190.5 66.9l22.2-22.2c9.4-9.4 24.6-9.4 33.9 0L441 239c9.4 9.4 9.4 24.6 0 33.9L246.6 467.3c-9.4 9.4-24.6 9.4-33.9 0l-22.2-22.2c-9.5-9.5-9.3-25 .4-34.3L311.4 296H24c-13.3 0-24-10.7-24-24v-32c0-13.3 10.7-24 24-24h287.4L190.9 101.2c-9.8-9.3-10-24.8-.4-34.3z\"><\/path><\/svg>\t\t\t<\/span>\n\t\t\t\t\t\t\t\t\t<span class=\"elementor-button-text\">1-800-306-7651<\/span>\n\t\t\t\t\t<\/span>\n\t\t\t\t\t<\/a>\n\t\t\t\t<\/div>\n\t\t\t\t\t\t\t\t<\/div>\n\t\t\t\t<\/div>\n\t\t\t\t<\/div>\n\t\t\t\t\t<\/div>\n\t\t\t\t<\/div>\n\t\t\t\t<\/div>\n\t\t","protected":false},"excerpt":{"rendered":"<p>Livres de source minist\u00e9riels Livres de source minist\u00e9riels InternationalAfriqueAsie-PacifiqueEurasieM\u00e9so-Am\u00e9riqueAm\u00e9rique du Sud\u00c9tats-Unis\/Canada &#8211; Anglais, fran\u00e7ais, espagnol Ce Sourcebook (r\u00e9vis\u00e9 en 2015) remplace les versions pr\u00e9c\u00e9dentes du Sourcebook du Canada et du Sourcebook am\u00e9ricain. Manuels r\u00e9gionaux pour les candidats minist\u00e9riels \u00c9tats-Unis\/Canada \u2014Guide de la pr\u00e9paration minist\u00e9rielle et de l&rsquo;ordinationEnregistrement de l&rsquo;appel au minist\u00e8re Comment contacter Clergy Development [&hellip;]<\/p>\n","protected":false},"author":6,"featured_media":0,"parent":40238,"menu_order":0,"comment_status":"closed","ping_status":"closed","template":"","meta":{"content-type":"","_jet_sm_ready_style":"","_jet_sm_style":"","_jet_sm_controls_values":"","_jet_sm_fonts_collection":"","_jet_sm_fonts_links":"","footnotes":""},"class_list":["post-40235","page","type-page","status-publish","hentry"],"yoast_head":"<!-- This site is optimized with the Yoast SEO Premium plugin v27.5 (Yoast SEO v27.5) - https:\/\/yoast.com\/product\/yoast-seo-premium-wordpress\/ -->\n<title>Livres de source minist\u00e9riels - Church of the Nazarene<\/title>\n<meta name=\"robots\" content=\"index, follow, max-snippet:-1, max-image-preview:large, max-video-preview:-1\" \/>\n<link rel=\"canonical\" href=\"https:\/\/dev.nazarene.org\/fr\/developpement-mondial-du-clerge\/livres-de-source-ministeriels\/\" \/>\n<meta property=\"og:locale\" content=\"fr_FR\" \/>\n<meta property=\"og:type\" content=\"article\" \/>\n<meta property=\"og:title\" content=\"Livres de source minist\u00e9riels\" \/>\n<meta property=\"og:description\" content=\"Livres de source minist\u00e9riels Livres de source minist\u00e9riels InternationalAfriqueAsie-PacifiqueEurasieM\u00e9so-Am\u00e9riqueAm\u00e9rique du Sud\u00c9tats-Unis\/Canada &#8211; Anglais, fran\u00e7ais, espagnol Ce Sourcebook (r\u00e9vis\u00e9 en 2015) remplace les versions pr\u00e9c\u00e9dentes du Sourcebook du Canada et du Sourcebook am\u00e9ricain. Manuels r\u00e9gionaux pour les candidats minist\u00e9riels \u00c9tats-Unis\/Canada \u2014Guide de la pr\u00e9paration minist\u00e9rielle et de l&rsquo;ordinationEnregistrement de l&rsquo;appel au minist\u00e8re Comment contacter Clergy Development [&hellip;]\" \/>\n<meta property=\"og:url\" content=\"https:\/\/dev.nazarene.org\/fr\/developpement-mondial-du-clerge\/livres-de-source-ministeriels\/\" \/>\n<meta property=\"og:site_name\" content=\"Church of the Nazarene\" \/>\n<meta property=\"article:publisher\" content=\"https:\/\/www.facebook.com\/NazareneOfficial\/\" \/>\n<meta property=\"article:modified_time\" content=\"2025-06-10T08:56:06+00:00\" \/>\n<meta name=\"twitter:card\" content=\"summary_large_image\" \/>\n<meta name=\"twitter:site\" content=\"@Nazarene\" \/>\n<script type=\"application\/ld+json\" class=\"yoast-schema-graph\">{\"@context\":\"https:\\\/\\\/schema.org\",\"@graph\":[{\"@type\":\"WebPage\",\"@id\":\"https:\\\/\\\/dev.nazarene.org\\\/fr\\\/developpement-mondial-du-clerge\\\/livres-de-source-ministeriels\\\/\",\"url\":\"https:\\\/\\\/dev.nazarene.org\\\/fr\\\/developpement-mondial-du-clerge\\\/livres-de-source-ministeriels\\\/\",\"name\":\"Livres de source minist\u00e9riels - Church of the Nazarene\",\"isPartOf\":{\"@id\":\"https:\\\/\\\/dev.nazarene.org\\\/fr\\\/#website\"},\"datePublished\":\"2025-01-16T21:07:22+00:00\",\"dateModified\":\"2025-06-10T08:56:06+00:00\",\"breadcrumb\":{\"@id\":\"https:\\\/\\\/dev.nazarene.org\\\/fr\\\/developpement-mondial-du-clerge\\\/livres-de-source-ministeriels\\\/#breadcrumb\"},\"inLanguage\":\"fr-FR\",\"potentialAction\":[{\"@type\":\"ReadAction\",\"target\":[\"https:\\\/\\\/dev.nazarene.org\\\/fr\\\/developpement-mondial-du-clerge\\\/livres-de-source-ministeriels\\\/\"]}]},{\"@type\":\"BreadcrumbList\",\"@id\":\"https:\\\/\\\/dev.nazarene.org\\\/fr\\\/developpement-mondial-du-clerge\\\/livres-de-source-ministeriels\\\/#breadcrumb\",\"itemListElement\":[{\"@type\":\"ListItem\",\"position\":1,\"name\":\"Home\",\"item\":\"https:\\\/\\\/dev.nazarene.org\\\/fr\\\/\"},{\"@type\":\"ListItem\",\"position\":2,\"name\":\"D\u00e9veloppement mondial du clerg\u00e9\",\"item\":\"https:\\\/\\\/dev.nazarene.org\\\/fr\\\/developpement-mondial-du-clerge\\\/\"},{\"@type\":\"ListItem\",\"position\":3,\"name\":\"Livres de source minist\u00e9riels\"}]},{\"@type\":\"WebSite\",\"@id\":\"https:\\\/\\\/dev.nazarene.org\\\/fr\\\/#website\",\"url\":\"https:\\\/\\\/dev.nazarene.org\\\/fr\\\/\",\"name\":\"Church of the Nazarene\",\"description\":\"Making Christlike Disciples in the Nations\",\"publisher\":{\"@id\":\"https:\\\/\\\/dev.nazarene.org\\\/fr\\\/#organization\"},\"potentialAction\":[{\"@type\":\"SearchAction\",\"target\":{\"@type\":\"EntryPoint\",\"urlTemplate\":\"https:\\\/\\\/dev.nazarene.org\\\/fr\\\/?s={search_term_string}\"},\"query-input\":{\"@type\":\"PropertyValueSpecification\",\"valueRequired\":true,\"valueName\":\"search_term_string\"}}],\"inLanguage\":\"fr-FR\"},{\"@type\":\"Organization\",\"@id\":\"https:\\\/\\\/dev.nazarene.org\\\/fr\\\/#organization\",\"name\":\"Church of the Nazarene\",\"url\":\"https:\\\/\\\/dev.nazarene.org\\\/fr\\\/\",\"logo\":{\"@type\":\"ImageObject\",\"inLanguage\":\"fr-FR\",\"@id\":\"https:\\\/\\\/dev.nazarene.org\\\/fr\\\/#\\\/schema\\\/logo\\\/image\\\/\",\"url\":\"https:\\\/\\\/dev.nazarene.org\\\/wp-content\\\/uploads\\\/2024\\\/06\\\/Naz_Desktop_Black_Logo-1.svg\",\"contentUrl\":\"https:\\\/\\\/dev.nazarene.org\\\/wp-content\\\/uploads\\\/2024\\\/06\\\/Naz_Desktop_Black_Logo-1.svg\",\"width\":258,\"height\":36,\"caption\":\"Church of the Nazarene\"},\"image\":{\"@id\":\"https:\\\/\\\/dev.nazarene.org\\\/fr\\\/#\\\/schema\\\/logo\\\/image\\\/\"},\"sameAs\":[\"https:\\\/\\\/www.facebook.com\\\/NazareneOfficial\\\/\",\"https:\\\/\\\/x.com\\\/Nazarene\",\"https:\\\/\\\/www.instagram.com\\\/nazareneofficial\\\/\"]}]}<\/script>\n<!-- \/ Yoast SEO Premium plugin. -->","yoast_head_json":{"title":"Livres de source minist\u00e9riels - Church of the Nazarene","robots":{"index":"index","follow":"follow","max-snippet":"max-snippet:-1","max-image-preview":"max-image-preview:large","max-video-preview":"max-video-preview:-1"},"canonical":"https:\/\/dev.nazarene.org\/fr\/developpement-mondial-du-clerge\/livres-de-source-ministeriels\/","og_locale":"fr_FR","og_type":"article","og_title":"Livres de source minist\u00e9riels","og_description":"Livres de source minist\u00e9riels Livres de source minist\u00e9riels InternationalAfriqueAsie-PacifiqueEurasieM\u00e9so-Am\u00e9riqueAm\u00e9rique du Sud\u00c9tats-Unis\/Canada &#8211; Anglais, fran\u00e7ais, espagnol Ce Sourcebook (r\u00e9vis\u00e9 en 2015) remplace les versions pr\u00e9c\u00e9dentes du Sourcebook du Canada et du Sourcebook am\u00e9ricain. Manuels r\u00e9gionaux pour les candidats minist\u00e9riels \u00c9tats-Unis\/Canada \u2014Guide de la pr\u00e9paration minist\u00e9rielle et de l&rsquo;ordinationEnregistrement de l&rsquo;appel au minist\u00e8re Comment contacter Clergy Development [&hellip;]","og_url":"https:\/\/dev.nazarene.org\/fr\/developpement-mondial-du-clerge\/livres-de-source-ministeriels\/","og_site_name":"Church of the Nazarene","article_publisher":"https:\/\/www.facebook.com\/NazareneOfficial\/","article_modified_time":"2025-06-10T08:56:06+00:00","twitter_card":"summary_large_image","twitter_site":"@Nazarene","schema":{"@context":"https:\/\/schema.org","@graph":[{"@type":"WebPage","@id":"https:\/\/dev.nazarene.org\/fr\/developpement-mondial-du-clerge\/livres-de-source-ministeriels\/","url":"https:\/\/dev.nazarene.org\/fr\/developpement-mondial-du-clerge\/livres-de-source-ministeriels\/","name":"Livres de source minist\u00e9riels - Church of the Nazarene","isPartOf":{"@id":"https:\/\/dev.nazarene.org\/fr\/#website"},"datePublished":"2025-01-16T21:07:22+00:00","dateModified":"2025-06-10T08:56:06+00:00","breadcrumb":{"@id":"https:\/\/dev.nazarene.org\/fr\/developpement-mondial-du-clerge\/livres-de-source-ministeriels\/#breadcrumb"},"inLanguage":"fr-FR","potentialAction":[{"@type":"ReadAction","target":["https:\/\/dev.nazarene.org\/fr\/developpement-mondial-du-clerge\/livres-de-source-ministeriels\/"]}]},{"@type":"BreadcrumbList","@id":"https:\/\/dev.nazarene.org\/fr\/developpement-mondial-du-clerge\/livres-de-source-ministeriels\/#breadcrumb","itemListElement":[{"@type":"ListItem","position":1,"name":"Home","item":"https:\/\/dev.nazarene.org\/fr\/"},{"@type":"ListItem","position":2,"name":"D\u00e9veloppement mondial du clerg\u00e9","item":"https:\/\/dev.nazarene.org\/fr\/developpement-mondial-du-clerge\/"},{"@type":"ListItem","position":3,"name":"Livres de source minist\u00e9riels"}]},{"@type":"WebSite","@id":"https:\/\/dev.nazarene.org\/fr\/#website","url":"https:\/\/dev.nazarene.org\/fr\/","name":"Church of the Nazarene","description":"Making Christlike Disciples in the Nations","publisher":{"@id":"https:\/\/dev.nazarene.org\/fr\/#organization"},"potentialAction":[{"@type":"SearchAction","target":{"@type":"EntryPoint","urlTemplate":"https:\/\/dev.nazarene.org\/fr\/?s={search_term_string}"},"query-input":{"@type":"PropertyValueSpecification","valueRequired":true,"valueName":"search_term_string"}}],"inLanguage":"fr-FR"},{"@type":"Organization","@id":"https:\/\/dev.nazarene.org\/fr\/#organization","name":"Church of the Nazarene","url":"https:\/\/dev.nazarene.org\/fr\/","logo":{"@type":"ImageObject","inLanguage":"fr-FR","@id":"https:\/\/dev.nazarene.org\/fr\/#\/schema\/logo\/image\/","url":"https:\/\/dev.nazarene.org\/wp-content\/uploads\/2024\/06\/Naz_Desktop_Black_Logo-1.svg","contentUrl":"https:\/\/dev.nazarene.org\/wp-content\/uploads\/2024\/06\/Naz_Desktop_Black_Logo-1.svg","width":258,"height":36,"caption":"Church of the Nazarene"},"image":{"@id":"https:\/\/dev.nazarene.org\/fr\/#\/schema\/logo\/image\/"},"sameAs":["https:\/\/www.facebook.com\/NazareneOfficial\/","https:\/\/x.com\/Nazarene","https:\/\/www.instagram.com\/nazareneofficial\/"]}]}},"_links":{"self":[{"href":"https:\/\/dev.nazarene.org\/fr\/wp-json\/wp\/v2\/pages\/40235","targetHints":{"allow":["GET"]}}],"collection":[{"href":"https:\/\/dev.nazarene.org\/fr\/wp-json\/wp\/v2\/pages"}],"about":[{"href":"https:\/\/dev.nazarene.org\/fr\/wp-json\/wp\/v2\/types\/page"}],"author":[{"embeddable":true,"href":"https:\/\/dev.nazarene.org\/fr\/wp-json\/wp\/v2\/users\/6"}],"replies":[{"embeddable":true,"href":"https:\/\/dev.nazarene.org\/fr\/wp-json\/wp\/v2\/comments?post=40235"}],"version-history":[{"count":0,"href":"https:\/\/dev.nazarene.org\/fr\/wp-json\/wp\/v2\/pages\/40235\/revisions"}],"up":[{"embeddable":true,"href":"https:\/\/dev.nazarene.org\/fr\/wp-json\/wp\/v2\/pages\/40238"}],"wp:attachment":[{"href":"https:\/\/dev.nazarene.org\/fr\/wp-json\/wp\/v2\/media?parent=40235"}],"curies":[{"name":"wp","href":"https:\/\/api.w.org\/{rel}","templated":true}]}}